{"id":1331,"date":"2025-08-07T17:48:41","date_gmt":"2025-08-07T17:48:41","guid":{"rendered":"https:\/\/fizikalya.com\/?page_id=1331"},"modified":"2025-09-11T18:27:42","modified_gmt":"2025-09-11T18:27:42","slug":"blog","status":"publish","type":"page","link":"https:\/\/fizikalya.com\/en\/blog\/","title":{"rendered":"Blog"},"content":{"rendered":"\t\t<div data-elementor-type=\"wp-page\" data-elementor-id=\"1331\" class=\"elementor elementor-1331 elementor-1326\">\n\t\t\t\t\t\t<section class=\"elementor-section elementor-top-section elementor-element elementor-element-1e4077dd elementor-section-height-min-height elementor-section-boxed elementor-section-height-default elementor-section-items-middle\" data-id=\"1e4077dd\" data-element_type=\"section\" data-e-type=\"section\" data-settings=\"{&quot;background_background&quot;:&quot;gradient&quot;}\">\n\t\t\t\t\t\t\t<div class=\"elementor-background-overlay\"><\/div>\n\t\t\t\t\t\t\t<div class=\"elementor-container elementor-column-gap-default\">\n\t\t\t\t\t<div class=\"elementor-column elementor-col-100 elementor-top-column elementor-element elementor-element-b190d9b\" data-id=\"b190d9b\" data-element_type=\"column\" data-e-type=\"column\">\n\t\t\t<div class=\"elementor-widget-wrap elementor-element-populated\">\n\t\t\t\t\t\t<div class=\"elementor-element elementor-element-279fc1d6 elementor-vertical-align-top elementor-widget elementor-widget-image-box\" data-id=\"279fc1d6\" data-element_type=\"widget\" data-e-type=\"widget\" data-widget_type=\"image-box.default\">\n\t\t\t\t<div class=\"elementor-widget-container\">\n\t\t\t\t\t<div class=\"elementor-image-box-wrapper\"><div class=\"elementor-image-box-content\"><p class=\"elementor-image-box-description\">Blog<\/p><\/div><\/div>\t\t\t\t<\/div>\n\t\t\t\t<\/div>\n\t\t\t\t<div class=\"elementor-element elementor-element-7aa9bde1 elementor-widget elementor-widget-elementskit-heading\" data-id=\"7aa9bde1\" data-element_type=\"widget\" data-e-type=\"widget\" data-widget_type=\"elementskit-heading.default\">\n\t\t\t\t<div class=\"elementor-widget-container\">\n\t\t\t\t\t<div class=\"ekit-wid-con\" ><div class=\"ekit-heading elementskit-section-title-wraper text_left   ekit_heading_tablet-   ekit_heading_mobile-text_center\"><div class=\"ekit_heading_separetor_wraper ekit_heading_elementskit-border-divider elementskit-style-long\"><div class=\"elementskit-border-divider elementskit-style-long\"><\/div><\/div><\/div><\/div>\t\t\t\t<\/div>\n\t\t\t\t<\/div>\n\t\t\t\t\t<\/div>\n\t\t<\/div>\n\t\t\t\t\t<\/div>\n\t\t<\/section>\n\t\t<div class=\"elementor-element elementor-element-ab71abd e-flex e-con-boxed e-con e-parent\" data-id=\"ab71abd\" data-element_type=\"container\" data-e-type=\"container\">\n\t\t\t\t\t<div class=\"e-con-inner\">\n\t\t\t\t<div class=\"elementor-element elementor-element-3b7ac6c elementor-widget elementor-widget-elementskit-blog-posts\" data-id=\"3b7ac6c\" data-element_type=\"widget\" data-e-type=\"widget\" data-widget_type=\"elementskit-blog-posts.default\">\n\t\t\t\t<div class=\"elementor-widget-container\">\n\t\t\t\t\t<div class=\"ekit-wid-con\" >        <div id=\"post-items--3b7ac6c\" class=\"row post-items\">\n                    <div class=\"col-lg-12 col-md-12\">\n\n                                    <div class=\"elementskit-post-image-card\">\n                        <div class=\"elementskit-entry-header\">\n                                                            <a href=\"https:\/\/fizikalya.com\/en\/is-straight-neck-a-disease\/\" class=\"elementskit-entry-thumb\">\n                                    <img decoding=\"async\" src=\"https:\/\/fizikalya.com\/wp-content\/uploads\/2025\/09\/boyun-duzlesmesi.webp\" alt=\"Is Straight Neck a Disease?\">\n                                <\/a><!-- .elementskit-entry-thumb END -->\n                                                            \n                            \n\t\t\t\t\t\t\t\t\t\t\t\t\t<\/div><!-- .elementskit-entry-header END -->\n\n\t\t\t\t\t\t<div class=\"elementskit-post-body \">\n\t\t\t\t\t\t\t\n\t\t\t\t\t\t\t\t\t\t\t\t\t\t\t\t\t\t\t\t\t\t\t\t\t\t\t\t<div class=\"post-meta-list\">\n\t\t\t\t\t\t\t\t\t\t\t\t\t\t\t\t\t\t\t\t\t\t\t\t\t\t\t\t\t\t\t\t<span class=\"meta-date\">\n\t\t\t\t\t\t\t\t\t\t<i aria-hidden=\"true\" class=\"icon icon-calendar3\"><\/i>\t\t\t\t\t\t\t\t\t\t<span class=\"meta-date-text\">\n\t\t\t\t\t\t\t\t\t\t\tSeptember 3, 2025\t\t\t\t\t\t\t\t\t\t<\/span>\n\t\t\t\t\t\t\t\t\t<\/span>\n\t\t\t\t\t\t\t\t\t\t\t\t\t\t\t\t\t\t\t\t\t\t\t\t\t\t\t\t\t\t\t\t\t\t\t\t\t<\/div>\n\t\t\t\t\t\t\t\t\t\t\t\t\t\n\t\t\t\t\t\t\t\t\n\t\t\t\t\t\t\t\t\t\t\t\t\t\t\t\t\t\t\t\t\t<h2 class=\"entry-title\">\n\t\t\t\t\t<a href=\"https:\/\/fizikalya.com\/en\/is-straight-neck-a-disease\/\">\n\t\t\t\t\t\tIs Straight Neck a Disease?\t\t\t\t\t<\/a>\n\t\t\t\t<\/h2>\n\t\t\t\t\t\t\t\t\t\t\t\t\t\t\t\t\t\t\t\t\t\t\t\t\t\t\t\t\t\t\t\t\t\t\t\t\t\t\t\t\t\t<p>Straight neck, a term we&#039;ve been hearing more and more lately, especially with the increase in technology use. While it&#039;s often perceived as a disease,&hellip;<\/p>\n\t\t\t\t\t\t\t\t\t\t\t\t\t\t\t\t\t\t\t\t\t\t                                                            <div class=\"btn-wraper\">\n                                    \n                                                                            <a class=\"elementskit-btn whitespace--normal\" id=\"\" href=\"https:\/\/fizikalya.com\/en\/is-straight-neck-a-disease\/\">\n                                        \t                                            Read More...                                        <\/a>\n                                                                    <\/div>\n                                                    <\/div><!-- .elementskit-post-body END -->\n                    <\/div>\n                \n            <\/div>\n                    <div class=\"col-lg-12 col-md-12\">\n\n                                    <div class=\"elementskit-post-image-card\">\n                        <div class=\"elementskit-entry-header\">\n                                                            <a href=\"https:\/\/fizikalya.com\/en\/the-importance-of-time-in-scoliosis-treatment\/\" class=\"elementskit-entry-thumb\">\n                                    <img decoding=\"async\" src=\"https:\/\/fizikalya.com\/wp-content\/uploads\/2025\/08\/nutritionist-measuring-woman-body-fat-layer-with-c-2025-03-11-03-48-19-utc-min-1024x819.jpg\" alt=\"The Importance of Time in Scoliosis Treatment\">\n                                <\/a><!-- .elementskit-entry-thumb END -->\n                                                            \n                            \n\t\t\t\t\t\t\t\t\t\t\t\t\t<\/div><!-- .elementskit-entry-header END -->\n\n\t\t\t\t\t\t<div class=\"elementskit-post-body \">\n\t\t\t\t\t\t\t\n\t\t\t\t\t\t\t\t\t\t\t\t\t\t\t\t\t\t\t\t\t\t\t\t\t\t\t\t<div class=\"post-meta-list\">\n\t\t\t\t\t\t\t\t\t\t\t\t\t\t\t\t\t\t\t\t\t\t\t\t\t\t\t\t\t\t\t\t<span class=\"meta-date\">\n\t\t\t\t\t\t\t\t\t\t<i aria-hidden=\"true\" class=\"icon icon-calendar3\"><\/i>\t\t\t\t\t\t\t\t\t\t<span class=\"meta-date-text\">\n\t\t\t\t\t\t\t\t\t\t\tAugust 25, 2025\t\t\t\t\t\t\t\t\t\t<\/span>\n\t\t\t\t\t\t\t\t\t<\/span>\n\t\t\t\t\t\t\t\t\t\t\t\t\t\t\t\t\t\t\t\t\t\t\t\t\t\t\t\t\t\t\t\t\t\t\t\t\t<\/div>\n\t\t\t\t\t\t\t\t\t\t\t\t\t\n\t\t\t\t\t\t\t\t\n\t\t\t\t\t\t\t\t\t\t\t\t\t\t\t\t\t\t\t\t\t<h2 class=\"entry-title\">\n\t\t\t\t\t<a href=\"https:\/\/fizikalya.com\/en\/the-importance-of-time-in-scoliosis-treatment\/\">\n\t\t\t\t\t\tThe Importance of Time in Scoliosis Treatment\t\t\t\t\t<\/a>\n\t\t\t\t<\/h2>\n\t\t\t\t\t\t\t\t\t\t\t\t\t\t\t\t\t\t\t\t\t\t\t\t\t\t\t\t\t\t\t\t\t\t\t\t\t\t\t\t\t\t<p>Scoliosis is a condition characterized by the three-dimensional curvature and rotation of the spine sideways. It requires close monitoring, especially in children and adolescents during&hellip;<\/p>\n\t\t\t\t\t\t\t\t\t\t\t\t\t\t\t\t\t\t\t\t\t\t                                                            <div class=\"btn-wraper\">\n                                    \n                                                                            <a class=\"elementskit-btn whitespace--normal\" id=\"\" href=\"https:\/\/fizikalya.com\/en\/the-importance-of-time-in-scoliosis-treatment\/\">\n                                        \t                                            Read More...                                        <\/a>\n                                                                    <\/div>\n                                                    <\/div><!-- .elementskit-post-body END -->\n                    <\/div>\n                \n            <\/div>\n                    <div class=\"col-lg-12 col-md-12\">\n\n                                    <div class=\"elementskit-post-image-card\">\n                        <div class=\"elementskit-entry-header\">\n                                                            <a href=\"https:\/\/fizikalya.com\/en\/pre-physical-therapy-specialist-assessment\/\" class=\"elementskit-entry-thumb\">\n                                    <img decoding=\"async\" src=\"https:\/\/fizikalya.com\/wp-content\/uploads\/2025\/08\/Fizik-Tedavi-Oncesi-Uzman-Degerlendirmesi.webp\" alt=\"Pre Physical Therapy Specialist Assessment\">\n                                <\/a><!-- .elementskit-entry-thumb END -->\n                                                            \n                            \n\t\t\t\t\t\t\t\t\t\t\t\t\t<\/div><!-- .elementskit-entry-header END -->\n\n\t\t\t\t\t\t<div class=\"elementskit-post-body \">\n\t\t\t\t\t\t\t\n\t\t\t\t\t\t\t\t\t\t\t\t\t\t\t\t\t\t\t\t\t\t\t\t\t\t\t\t<div class=\"post-meta-list\">\n\t\t\t\t\t\t\t\t\t\t\t\t\t\t\t\t\t\t\t\t\t\t\t\t\t\t\t\t\t\t\t\t<span class=\"meta-date\">\n\t\t\t\t\t\t\t\t\t\t<i aria-hidden=\"true\" class=\"icon icon-calendar3\"><\/i>\t\t\t\t\t\t\t\t\t\t<span class=\"meta-date-text\">\n\t\t\t\t\t\t\t\t\t\t\tAugust 18, 2025\t\t\t\t\t\t\t\t\t\t<\/span>\n\t\t\t\t\t\t\t\t\t<\/span>\n\t\t\t\t\t\t\t\t\t\t\t\t\t\t\t\t\t\t\t\t\t\t\t\t\t\t\t\t\t\t\t\t\t\t\t\t\t<\/div>\n\t\t\t\t\t\t\t\t\t\t\t\t\t\n\t\t\t\t\t\t\t\t\n\t\t\t\t\t\t\t\t\t\t\t\t\t\t\t\t\t\t\t\t\t<h2 class=\"entry-title\">\n\t\t\t\t\t<a href=\"https:\/\/fizikalya.com\/en\/pre-physical-therapy-specialist-assessment\/\">\n\t\t\t\t\t\tPre Physical Therapy Specialist Assessment\t\t\t\t\t<\/a>\n\t\t\t\t<\/h2>\n\t\t\t\t\t\t\t\t\t\t\t\t\t\t\t\t\t\t\t\t\t\t\t\t\t\t\t\t\t\t\t\t\t\t\t\t\t\t\t\t\t\t<p>Table of Contents Specialist Evaluation Before Physical Therapy Why Is Specialist Evaluation Necessary? How Is the Evaluation Done? Important Considerations Before Starting Therapy Frequently Asked&hellip;<\/p>\n\t\t\t\t\t\t\t\t\t\t\t\t\t\t\t\t\t\t\t\t\t\t                                                            <div class=\"btn-wraper\">\n                                    \n                                                                            <a class=\"elementskit-btn whitespace--normal\" id=\"\" href=\"https:\/\/fizikalya.com\/en\/pre-physical-therapy-specialist-assessment\/\">\n                                        \t                                            Read More...                                        <\/a>\n                                                                    <\/div>\n                                                    <\/div><!-- .elementskit-post-body END -->\n                    <\/div>\n                \n            <\/div>\n                    <div class=\"col-lg-12 col-md-12\">\n\n                                    <div class=\"elementskit-post-image-card\">\n                        <div class=\"elementskit-entry-header\">\n                                                            <a href=\"https:\/\/fizikalya.com\/en\/the-importance-of-eye-alignment-in-spinal-disorders\/\" class=\"elementskit-entry-thumb\">\n                                    <img decoding=\"async\" src=\"https:\/\/fizikalya.com\/wp-content\/uploads\/2025\/08\/Omurga-Bozukluklarinda-Goz-Hizasinin-Onemi.webp\" alt=\"The Importance of Eye Alignment in Spinal Disorders\">\n                                <\/a><!-- .elementskit-entry-thumb END -->\n                                                            \n                            \n\t\t\t\t\t\t\t\t\t\t\t\t\t<\/div><!-- .elementskit-entry-header END -->\n\n\t\t\t\t\t\t<div class=\"elementskit-post-body \">\n\t\t\t\t\t\t\t\n\t\t\t\t\t\t\t\t\t\t\t\t\t\t\t\t\t\t\t\t\t\t\t\t\t\t\t\t<div class=\"post-meta-list\">\n\t\t\t\t\t\t\t\t\t\t\t\t\t\t\t\t\t\t\t\t\t\t\t\t\t\t\t\t\t\t\t\t<span class=\"meta-date\">\n\t\t\t\t\t\t\t\t\t\t<i aria-hidden=\"true\" class=\"icon icon-calendar3\"><\/i>\t\t\t\t\t\t\t\t\t\t<span class=\"meta-date-text\">\n\t\t\t\t\t\t\t\t\t\t\tAugust 12, 2025\t\t\t\t\t\t\t\t\t\t<\/span>\n\t\t\t\t\t\t\t\t\t<\/span>\n\t\t\t\t\t\t\t\t\t\t\t\t\t\t\t\t\t\t\t\t\t\t\t\t\t\t\t\t\t\t\t\t\t\t\t\t\t<\/div>\n\t\t\t\t\t\t\t\t\t\t\t\t\t\n\t\t\t\t\t\t\t\t\n\t\t\t\t\t\t\t\t\t\t\t\t\t\t\t\t\t\t\t\t\t<h2 class=\"entry-title\">\n\t\t\t\t\t<a href=\"https:\/\/fizikalya.com\/en\/the-importance-of-eye-alignment-in-spinal-disorders\/\">\n\t\t\t\t\t\tThe Importance of Eye Alignment in Spinal Disorders\t\t\t\t\t<\/a>\n\t\t\t\t<\/h2>\n\t\t\t\t\t\t\t\t\t\t\t\t\t\t\t\t\t\t\t\t\t\t\t\t\t\t\t\t\t\t\t\t\t\t\t\t\t\t\t\t\t\t<p>When we talk about spinal health, most of us immediately think of our lower back and neck. However, there are many more subtle details that&hellip;<\/p>\n\t\t\t\t\t\t\t\t\t\t\t\t\t\t\t\t\t\t\t\t\t\t                                                            <div class=\"btn-wraper\">\n                                    \n                                                                            <a class=\"elementskit-btn whitespace--normal\" id=\"\" href=\"https:\/\/fizikalya.com\/en\/the-importance-of-eye-alignment-in-spinal-disorders\/\">\n                                        \t                                            Read More...                                        <\/a>\n                                                                    <\/div>\n                                                    <\/div><!-- .elementskit-post-body END -->\n                    <\/div>\n                \n            <\/div>\n                <\/div>\n       <\/div>\t\t\t\t<\/div>\n\t\t\t\t<\/div>\n\t\t\t\t\t<\/div>\n\t\t\t\t<\/div>\n\t\t\t\t<\/div>\n\t\t","protected":false},"excerpt":{"rendered":"<p>Blog Eyl\u00fcl 8, 2025 Romatizmal A\u011fr\u0131lar: Ne Zaman \u015e\u00fcphelenmeli ve Hangi Durumlarda Doktora Ba\u015fvurmal\u0131y\u0131z? Romatizmal A\u011fr\u0131lar: Ne Zaman \u015e\u00fcphelenmeli ve Hangi Durumlarda Doktora Ba\u015fvurmal\u0131y\u0131z? G\u00fcnl\u00fck ya\u015famda s\u0131k\u00e7a kar\u015f\u0131la\u015ft\u0131\u011f\u0131m\u0131z eklem ve kas a\u011fr\u0131lar\u0131, genellikle yorgunluk, hafif yaralanmalar veya a\u015f\u0131r\u0131 fiziksel&hellip; Read More&#8230; Eyl\u00fcl 3, 2025 Is Straight Neck a Disease? Straight neck, a term we&#039;ve been [&hellip;]<\/p>\n","protected":false},"author":3,"featured_media":0,"parent":0,"menu_order":0,"comment_status":"closed","ping_status":"closed","template":"elementor_header_footer","meta":{"footnotes":""},"class_list":["post-1331","page","type-page","status-publish","hentry"],"_wp_attached_file":null,"_wp_attachment_metadata":null,"_elementor_source_image_hash":null,"wpml_media_processed":null,"_wp_attachment_backup_sizes":null,"_wp_attachment_context":null,"_oembed_39691e0b2d26835ac18fb92bd296846c":null,"_elementor_is_screenshot":null,"_wp_attachment_image_alt":null,"envato_tk_source_kit":null,"envato_tk_source_index":null,"_eael_custom_js":null,"_elementor_screenshot":null,"elementskit_template_activation":null,"elementskit_template_type":null,"elementskit_template_condition_a":null,"elementskit_template_condition_singular":null,"elementskit_template_condition_singular_id":null,"envato_tk_source_zip_url":null,"envato_tk_builder":null,"envato_tk_folder_name":null,"envato_tk_manifest":null,"metform_form__form_setting":null,"_metform_cloned_id":null,"modula-settings":null,"modula-images":null,"_menu_item_type":null,"_menu_item_menu_item_parent":null,"_menu_item_object_id":null,"_menu_item_object":null,"_menu_item_target":null,"_menu_item_classes":null,"_menu_item_xfn":null,"_menu_item_url":null,"_wpml_post_translation_editor_native":null,"_pingme":null,"_encloseme":null,"_designation":null,"_email":null,"_mobile":null,"_telephone":null,"_experience":null,"_website":null,"_company":null,"_ribbon":null,"_link_1":null,"_link_2":null,"_color":null,"_social_links":null,"_skills":null,"_wps_member_meta_keys":null,"ekit_post_views_count":null,"_wpml_word_count":"231","_elementor_controls_usage":{"image-box":{"count":1,"control_percent":2,"controls":{"content":{"section_image":{"image":1,"title_text":1,"description_text":1},"section_style_box":{"position":1}}}},"elementskit-heading":{"count":1,"control_percent":2,"controls":{"content":{"ekit_heading_section_title":{"ekit_heading_title":1,"show_title_border":1,"title_float_left":1},"ekit_heading_section_subtitle":{"ekit_heading_sub_title_show":1,"ekit_heading_sub_title_border":1},"shadow_text_section":{"show_shadow_text":1},"ekit_heading_section_seperator":{"ekit_heading_seperator_style":1,"ekit_heading_seperator_image":1}}}},"column":{"count":1,"control_percent":0,"controls":[]},"section":{"count":1,"control_percent":2,"controls":{"content":{"section_layout":{"height":1},"section_background":{"background_background":1,"background_image":1},"section_background_overlay":{"background_overlay_image":1,"background_overlay_color_b":1}}}},"elementskit-blog-posts":{"count":1,"control_percent":2,"controls":{"content":{"ekit_blog_posts_general":{"ekit_blog_posts_layout_style":1,"ekit_blog_posts_column":1,"ekit_blog_posts_content_trim":1},"ekit_blog_posts_content_section":{"ekit_blog_posts_num":1,"ekit_blog_posts_cats":1},"ekit_blog_posts_meta_data_tab":{"ekit_blog_posts_floating_date":1,"ekit_blog_posts_floating_category":1,"ekit_blog_posts_meta_select":1},"ekit_blog_posts_more_section":{"ekit_blog_posts_btn_text":1},"ekit_blog_posts_style":{"ekit_blog_posts_background_color":1,"ekit_blog_posts_background_hover_color":1}}}},"container":{"count":1,"control_percent":0,"controls":[]}},"_elementor_edit_mode":"builder","_elementor_template_type":"wp-page","_wp_page_template":"elementor_header_footer","_elementor_version":"3.27.7","_edit_lock":"1757615258:3","_elementor_data":"[{\"id\":\"1e4077dd\",\"elType\":\"section\",\"settings\":{\"content_width\":{\"unit\":\"px\",\"size\":1440,\"sizes\":[]},\"height\":\"min-height\",\"custom_height\":{\"unit\":\"vh\",\"size\":40,\"sizes\":[]},\"custom_height_tablet\":{\"unit\":\"vh\",\"size\":20,\"sizes\":[]},\"custom_height_mobile\":{\"unit\":\"vh\",\"size\":\"\",\"sizes\":[]},\"background_background\":\"gradient\",\"background_image\":{\"id\":\"64\",\"url\":\"http:\\\/\\\/new.fizikalya.com\\\/wp-content\\\/uploads\\\/2023\\\/12\\\/smilepng08.png\"},\"background_position\":\"center right\",\"background_repeat\":\"no-repeat\",\"background_size\":\"contain\",\"background_bg_width\":{\"unit\":\"%\",\"size\":38,\"sizes\":[]},\"background_overlay_background\":\"classic\",\"background_overlay_image\":{\"id\":\"64\",\"url\":\"http:\\\/\\\/new.fizikalya.com\\\/wp-content\\\/uploads\\\/2023\\\/12\\\/smilepng08.png\"},\"background_overlay_position\":\"top right\",\"background_overlay_repeat\":\"no-repeat\",\"background_overlay_size\":\"initial\",\"background_overlay_bg_width\":{\"unit\":\"%\",\"size\":20,\"sizes\":[]},\"background_overlay_opacity\":{\"unit\":\"px\",\"size\":1,\"sizes\":[]},\"margin\":{\"unit\":\"%\",\"top\":\"0\",\"right\":0,\"bottom\":\"0\",\"left\":0,\"isLinked\":false},\"margin_tablet\":{\"unit\":\"%\",\"top\":\"\",\"right\":\"\",\"bottom\":\"\",\"left\":\"\",\"isLinked\":true},\"margin_mobile\":{\"unit\":\"%\",\"top\":\"\",\"right\":\"\",\"bottom\":\"\",\"left\":\"\",\"isLinked\":true},\"background_overlay_color_b\":\"#FFFFFF\",\"css_filters_brightness\":{\"unit\":\"px\",\"size\":95,\"sizes\":[]},\"css_filters_saturate\":{\"unit\":\"px\",\"size\":200,\"sizes\":[]},\"css_filters_hue\":{\"unit\":\"px\",\"size\":288,\"sizes\":[]},\"overlay_blend_mode\":\"overlay\",\"__globals__\":{\"background_overlay_color\":\"\",\"background_overlay_color_b\":\"globals\\\/colors?id=accent\",\"background_color\":\"globals\\\/colors?id=46e9c07\",\"background_color_b\":\"globals\\\/colors?id=accent\"},\"padding\":{\"unit\":\"em\",\"top\":\"4\",\"right\":\"0\",\"bottom\":\"0\",\"left\":\"0\",\"isLinked\":false},\"padding_tablet\":{\"unit\":\"em\",\"top\":\"6\",\"right\":\"0\",\"bottom\":\"2\",\"left\":\"0\",\"isLinked\":false},\"padding_mobile\":{\"unit\":\"em\",\"top\":\"6\",\"right\":\"0\",\"bottom\":\"2\",\"left\":\"0\",\"isLinked\":false}},\"elements\":[{\"id\":\"b190d9b\",\"elType\":\"column\",\"settings\":{\"_column_size\":100,\"_inline_size\":null},\"elements\":[{\"id\":\"279fc1d6\",\"elType\":\"widget\",\"settings\":{\"image\":{\"url\":\"\",\"id\":\"\",\"size\":\"\"},\"title_text\":\"\",\"description_text\":\"Blog\",\"position\":\"left\",\"title_bottom_space\":{\"unit\":\"px\",\"size\":0,\"sizes\":[]},\"title_color\":\"#030541\",\"title_typography_typography\":\"custom\",\"title_typography_font_family\":\"Poppins\",\"title_typography_font_size\":{\"unit\":\"px\",\"size\":16,\"sizes\":[]},\"title_typography_font_size_tablet\":{\"unit\":\"px\",\"size\":15,\"sizes\":[]},\"title_typography_font_size_mobile\":{\"unit\":\"px\",\"size\":14,\"sizes\":[]},\"title_typography_font_weight\":\"300\",\"title_typography_text_transform\":\"none\",\"title_typography_line_height\":{\"unit\":\"em\",\"size\":2,\"sizes\":[]},\"title_typography_letter_spacing\":{\"unit\":\"px\",\"size\":-0.2,\"sizes\":[]},\"description_color\":\"#030541\",\"_margin\":{\"unit\":\"%\",\"top\":\"0\",\"right\":\"69\",\"bottom\":\"0\",\"left\":\"0\",\"isLinked\":false},\"_margin_tablet\":{\"unit\":\"%\",\"top\":\"0\",\"right\":\"51\",\"bottom\":\"0\",\"left\":\"0\",\"isLinked\":false},\"_margin_mobile\":{\"unit\":\"%\",\"top\":\"0\",\"right\":\"0\",\"bottom\":\"0\",\"left\":\"0\",\"isLinked\":false},\"_z_index\":1,\"__globals__\":{\"title_typography_typography\":\"globals\\\/typography?id=text\",\"description_typography_typography\":\"globals\\\/typography?id=secondary\",\"title_color\":\"globals\\\/colors?id=primary\",\"description_color\":\"globals\\\/colors?id=primary\"}},\"elements\":[],\"widgetType\":\"image-box\"},{\"id\":\"7aa9bde1\",\"elType\":\"widget\",\"settings\":{\"ekit_heading_title\":\"\",\"show_title_border\":\"\",\"title_float_left\":\"\",\"title_float_left_width\":{\"unit\":\"%\",\"size\":59,\"sizes\":[]},\"ekit_heading_sub_title_show\":\"\",\"ekit_heading_sub_title_border\":\"\",\"ekit_heading_sub_title\":\"Time has changed\",\"show_shadow_text\":\"\",\"shadow_text_content\":\"bussiness\",\"ekit_heading_seperator_style\":\"elementskit-border-divider elementskit-style-long\",\"title_left_border_width\":{\"unit\":\"px\",\"size\":16,\"sizes\":[]},\"title_left_border_gap\":{\"unit\":\"px\",\"size\":40,\"sizes\":[]},\"ekit_heading_seperator_width\":{\"unit\":\"px\",\"size\":313,\"sizes\":[]},\"ekit_heading_seperator_height\":{\"unit\":\"px\",\"size\":20,\"sizes\":[]},\"ekit_heading_seperator_margin\":{\"unit\":\"%\",\"top\":\"-3\",\"right\":\"-8\",\"bottom\":\"0\",\"left\":\"0\",\"isLinked\":false},\"ekit_heading_seperator_margin_tablet\":{\"unit\":\"%\",\"top\":\"-5\",\"right\":\"0\",\"bottom\":\"0\",\"left\":\"0\",\"isLinked\":false},\"ekit_heading_seperator_margin_mobile\":{\"unit\":\"%\",\"top\":\"-11\",\"right\":\"0\",\"bottom\":\"0\",\"left\":\"0\",\"isLinked\":false},\"_z_index\":0,\"__globals__\":{\"ekit_heading_seperator_color\":\"globals\\\/colors?id=f526d2f\"},\"ekit_heading_title_align_mobile\":\"text_center\",\"ekit_heading_seperator_width_tablet\":{\"unit\":\"px\",\"size\":220,\"sizes\":[]},\"ekit_heading_seperator_image\":{\"id\":\"53\",\"url\":\"http:\\\/\\\/new.fizikalya.com\\\/wp-content\\\/uploads\\\/2023\\\/12\\\/placeholder.png\"}},\"elements\":[],\"widgetType\":\"elementskit-heading\"}],\"isInner\":false}],\"isInner\":false},{\"id\":\"ab71abd\",\"elType\":\"container\",\"settings\":{\"flex_direction\":\"column\",\"presetTitle\":\"Konteyner\",\"presetIcon\":\"eicon-container\"},\"elements\":[{\"id\":\"3b7ac6c\",\"elType\":\"widget\",\"settings\":{\"ekit_blog_posts_layout_style\":\"elementskit-post-image-card\",\"ekit_blog_posts_column\":\"ekit-lg-12 ekit-md-12\",\"ekit_blog_posts_content_trim\":25,\"ekit_blog_posts_num\":\"\",\"ekit_blog_posts_cats\":[\"25\"],\"ekit_blog_posts_floating_date\":\"\",\"ekit_blog_posts_floating_category\":\"\",\"ekit_blog_posts_meta_select\":[\"date\"],\"ekit_blog_posts_btn_text\":\"Read More...\",\"ekit_blog_posts_background_background\":\"classic\",\"ekit_blog_posts_background_color\":\"#A7A7A700\",\"ekit_blog_posts_background_hover_color\":\"#FF1111\",\"ekit_blog_posts_meta_typography_typography\":\"custom\",\"ekit_blog_posts_title_color\":\"#000000\",\"ekit_blog_posts_content_color\":\"#000000\",\"ekit_blog_posts_content_color_hover\":\"#000000\",\"__globals__\":{\"ekit_blog_posts_meta_color_normal\":\"globals\\\/colors?id=primary\",\"ekit_blog_posts_meta_color_icon_normal\":\"globals\\\/colors?id=primary\"},\"ekit_blog_posts_layout_style_thumb\":\"flex\"},\"elements\":[],\"widgetType\":\"elementskit-blog-posts\"}],\"isInner\":false}]","_elementor_page_assets":{"styles":["widget-image-box"],"scripts":["elementor-frontend","imagesloaded"]},"_elementor_css":{"time":1776764044,"fonts":[],"icons":["ekiticons",""],"dynamic_elements_ids":[],"status":"file","0":""},"_elementor_page_settings":{"hide_title":"yes"},"_elementor_pro_version":"3.19.0","_elementor_source":null,"_wpml_location_migration_done":null,"_edit_last":"3","_wpml_media_duplicate":"1","_wpml_media_featured":"1","_last_translation_edit_mode":"native-editor","_wp_old_slug":null,"_wp_old_date":null,"_icl_lang_duplicate_of":null,"_elementor_popup_display_settings":null,"_elementor_template_widget_type":null,"_thumbnail_id":null,"_links":{"self":[{"href":"https:\/\/fizikalya.com\/en\/wp-json\/wp\/v2\/pages\/1331","targetHints":{"allow":["GET"]}}],"collection":[{"href":"https:\/\/fizikalya.com\/en\/wp-json\/wp\/v2\/pages"}],"about":[{"href":"https:\/\/fizikalya.com\/en\/wp-json\/wp\/v2\/types\/page"}],"author":[{"embeddable":true,"href":"https:\/\/fizikalya.com\/en\/wp-json\/wp\/v2\/users\/3"}],"replies":[{"embeddable":true,"href":"https:\/\/fizikalya.com\/en\/wp-json\/wp\/v2\/comments?post=1331"}],"version-history":[{"count":0,"href":"https:\/\/fizikalya.com\/en\/wp-json\/wp\/v2\/pages\/1331\/revisions"}],"wp:attachment":[{"href":"https:\/\/fizikalya.com\/en\/wp-json\/wp\/v2\/media?parent=1331"}],"curies":[{"name":"wp","href":"https:\/\/api.w.org\/{rel}","templated":true}]}}